{"id":11,"date":"2015-11-14T11:00:47","date_gmt":"2015-11-14T11:00:47","guid":{"rendered":"http:\/\/www.jukrama.fi\/marja\/?page_id=11"},"modified":"2020-02-10T10:16:53","modified_gmt":"2020-02-10T08:16:53","slug":"galleriat","status":"publish","type":"page","link":"https:\/\/www.marjahaapio.fi\/marja\/galleriat\/","title":{"rendered":"Galleriat"},"content":{"rendered":"<p><div class=\"fusion-fullwidth fullwidth-box fusion-builder-row-1 fusion-parallax-none nonhundred-percent-fullwidth non-hundred-percent-height-scrolling lazyload\" style=\"--awb-border-radius-top-left:0px;--awb-border-radius-top-right:0px;--awb-border-radius-bottom-right:0px;--awb-border-radius-bottom-left:0px;--awb-margin-top:15%;--awb-margin-bottom:10%;--awb-background-size:cover;--awb-flex-wrap:wrap;\" data-bg=\"http:\/\/www.jukrama.fi\/marja\/wp-content\/uploads\/2020\/01\/tyhja.png\" ><div class=\"fusion-builder-row fusion-row\"><div class=\"fusion-layout-column fusion_builder_column fusion-builder-column-0 fusion_builder_column_1_6 1_6 fusion-one-sixth fusion-column-first\" style=\"--awb-bg-size:cover;width:16.666666666667%;width:calc(16.666666666667% - ( ( 4% + 4% ) * 0.16666666666667 ) );margin-right: 4%;\"><div class=\"fusion-column-wrapper fusion-column-has-shadow fusion-flex-column-wrapper-legacy\"><div class=\"fusion-clearfix\"><\/div><\/div><\/div><div class=\"fusion-layout-column fusion_builder_column fusion-builder-column-1 fusion_builder_column_2_3 2_3 fusion-two-third\" style=\"--awb-bg-size:cover;width:66.666666666667%;width:calc(66.666666666667% - ( ( 4% + 4% ) * 0.66666666666667 ) );margin-right: 4%;\"><div class=\"fusion-column-wrapper fusion-column-has-shadow fusion-flex-column-wrapper-legacy\"><div class=\"fusion-text fusion-text-1\"><h5 style=\"text-align: center;\">Jokaisen valokuvaajan k\u00e4denj\u00e4lki on yksil\u00f6llinen.<br \/>\nValitse kuvaaja, jonka tyyli syk\u00e4hdytt\u00e4\u00e4 ja kerro toiveistasi.<br \/>\nHyv\u00e4 kuva on aina yhdistelm\u00e4 valokuvaajan persoonallista n\u00e4kemyst\u00e4 ja asiakkaan toiveiden kuuntelua herk\u00e4ll\u00e4 korvalla.<\/h5>\n<\/div><div class=\"fusion-clearfix\"><\/div><\/div><\/div><div class=\"fusion-layout-column fusion_builder_column fusion-builder-column-2 fusion_builder_column_1_6 1_6 fusion-one-sixth fusion-column-last\" style=\"--awb-bg-size:cover;width:16.666666666667%;width:calc(16.666666666667% - ( ( 4% + 4% ) * 0.16666666666667 ) );\"><div class=\"fusion-column-wrapper fusion-column-has-shadow fusion-flex-column-wrapper-legacy\"><div class=\"fusion-clearfix\"><\/div><\/div><\/div><\/div><\/div><div class=\"fusion-fullwidth fullwidth-box fusion-builder-row-2 nonhundred-percent-fullwidth non-hundred-percent-height-scrolling\" style=\"--awb-background-position:left top;--awb-border-radius-top-left:0px;--awb-border-radius-top-right:0px;--awb-border-radius-bottom-right:0px;--awb-border-radius-bottom-left:0px;--awb-padding-top:-50px;--awb-padding-right:15%;--awb-padding-bottom:100px;--awb-padding-left:15%;--awb-background-color:rgba(255,255,255,0);--awb-border-sizes-top:0px;--awb-border-sizes-bottom:0px;--awb-flex-wrap:wrap;\" ><div class=\"fusion-builder-row fusion-row\"><div class=\"fusion-layout-column fusion_builder_column fusion-builder-column-3 fusion_builder_column_1_1 1_1 fusion-one-full fusion-column-first fusion-column-last\" style=\"--awb-bg-size:cover;--awb-margin-top:-120px;\"><div class=\"fusion-column-wrapper fusion-flex-column-wrapper-legacy\"><style type=\"text\/css\">.fusion-portfolio-wrapper#fusion-portfolio-1 .fusion-portfolio-content{ padding: 25px 25px 25px 25px; text-align: center; }<\/style><div class=\"fusion-recent-works fusion-portfolio-element fusion-portfolio fusion-portfolio-1 fusion-portfolio-grid fusion-portfolio-paging-load-more-button fusion-portfolio-four fusion-portfolio-boxed fusion-portfolio-text fusion-portfolio-rollover\" data-id=\"-rw-1\" data-columns=\"four\"><style type=\"text\/css\">.fusion-portfolio-1 .fusion-portfolio-wrapper .fusion-col-spacing{padding:15px;}<\/style><div class=\"fusion-portfolio-wrapper\" id=\"fusion-portfolio-1\" data-picturesize=\"auto\" data-pages=\"1\" style=\"margin:-15px;\"><article id=\"portfolio-1-post-1034\" class=\"fusion-portfolio-post vauva fusion-col-spacing post-1034\"><div class=\"fusion-portfolio-content-wrapper\" style=\"border:1px solid #212326;border-bottom-width:3px;background-color:rgba(33,35,38,1);\"><span class=\"vcard rich-snippet-hidden\"><span class=\"fn\"><a href=\"https:\/\/www.marjahaapio.fi\/marja\/author\/admin\/\" title=\"Posts by admin\" rel=\"author\">admin<\/a><\/span><\/span><span class=\"updated rich-snippet-hidden\">2020-01-31T18:34:40+02:00<\/span><div  class=\"fusion-image-wrapper\" aria-haspopup=\"true\">\n\t\t\t\t<img decoding=\"async\" width=\"1500\" height=\"2000\" src=\"https:\/\/www.marjahaapio.fi\/marja\/wp-content\/uploads\/2020\/01\/19vauva08.jpg\" class=\"attachment-full size-full lazyload wp-post-image\" alt=\"\" srcset=\"data:image\/svg+xml,%3Csvg%20xmlns%3D%27http%3A%2F%2Fwww.w3.org%2F2000%2Fsvg%27%20width%3D%271500%27%20height%3D%272000%27%20viewBox%3D%270%200%201500%202000%27%3E%3Crect%20width%3D%271500%27%20height%3D%272000%27%20fill-opacity%3D%220%22%2F%3E%3C%2Fsvg%3E\" data-orig-src=\"https:\/\/www.marjahaapio.fi\/marja\/wp-content\/uploads\/2020\/01\/19vauva08.jpg\" data-srcset=\"https:\/\/www.marjahaapio.fi\/marja\/wp-content\/uploads\/2020\/01\/19vauva08-200x267.jpg 200w, https:\/\/www.marjahaapio.fi\/marja\/wp-content\/uploads\/2020\/01\/19vauva08-400x533.jpg 400w, https:\/\/www.marjahaapio.fi\/marja\/wp-content\/uploads\/2020\/01\/19vauva08-600x800.jpg 600w, https:\/\/www.marjahaapio.fi\/marja\/wp-content\/uploads\/2020\/01\/19vauva08-800x1067.jpg 800w, https:\/\/www.marjahaapio.fi\/marja\/wp-content\/uploads\/2020\/01\/19vauva08-1200x1600.jpg 1200w, https:\/\/www.marjahaapio.fi\/marja\/wp-content\/uploads\/2020\/01\/19vauva08.jpg 1500w\" data-sizes=\"auto\" \/><div class=\"fusion-rollover\">\n\t<div class=\"fusion-rollover-content\">\n\n\t\t\t\t\n\t\t\n\t\t\t\t\t\t\t\t\t\t\t\t<h4 class=\"fusion-rollover-title\">\n\t\t\t\t\t<a class=\"fusion-rollover-title-link\" href=\"https:\/\/www.marjahaapio.fi\/marja\/portfolio-items\/vauva\/\">\n\t\t\t\t\t\tVauvakuvaus\t\t\t\t\t<\/a>\n\t\t\t\t<\/h4>\n\t\t\t\n\t\t\t\t\t\t\t\t\n\t\t\n\t\t\t\t\t\t<a class=\"fusion-link-wrapper\" href=\"https:\/\/www.marjahaapio.fi\/marja\/portfolio-items\/vauva\/\" aria-label=\"Vauvakuvaus\"><\/a>\n\t<\/div>\n<\/div>\n<\/div>\n<div class=\"fusion-portfolio-content\" style=\"background-color:rgba(33,35,38,1);\"><h2 class=\"entry-title fusion-post-title\"><a href=\"https:\/\/www.marjahaapio.fi\/marja\/portfolio-items\/vauva\/\">Vauvakuvaus<\/a><\/h2><div class=\"fusion-post-content\"><\/div><\/div><\/div><\/article><article id=\"portfolio-1-post-1085\" class=\"fusion-portfolio-post rippi fusion-col-spacing post-1085\"><div class=\"fusion-portfolio-content-wrapper\" style=\"border:1px solid #212326;border-bottom-width:3px;background-color:rgba(33,35,38,1);\"><span class=\"vcard rich-snippet-hidden\"><span class=\"fn\"><a href=\"https:\/\/www.marjahaapio.fi\/marja\/author\/admin\/\" title=\"Posts by admin\" rel=\"author\">admin<\/a><\/span><\/span><span class=\"updated rich-snippet-hidden\">2020-01-24T16:59:42+02:00<\/span><div  class=\"fusion-image-wrapper\" aria-haspopup=\"true\">\n\t\t\t\t<img decoding=\"async\" width=\"1500\" height=\"2000\" src=\"https:\/\/www.marjahaapio.fi\/marja\/wp-content\/uploads\/2019\/12\/19rippi06.jpg\" class=\"attachment-full size-full lazyload wp-post-image\" alt=\"\" srcset=\"data:image\/svg+xml,%3Csvg%20xmlns%3D%27http%3A%2F%2Fwww.w3.org%2F2000%2Fsvg%27%20width%3D%271500%27%20height%3D%272000%27%20viewBox%3D%270%200%201500%202000%27%3E%3Crect%20width%3D%271500%27%20height%3D%272000%27%20fill-opacity%3D%220%22%2F%3E%3C%2Fsvg%3E\" data-orig-src=\"https:\/\/www.marjahaapio.fi\/marja\/wp-content\/uploads\/2019\/12\/19rippi06.jpg\" data-srcset=\"https:\/\/www.marjahaapio.fi\/marja\/wp-content\/uploads\/2019\/12\/19rippi06-200x267.jpg 200w, https:\/\/www.marjahaapio.fi\/marja\/wp-content\/uploads\/2019\/12\/19rippi06-400x533.jpg 400w, https:\/\/www.marjahaapio.fi\/marja\/wp-content\/uploads\/2019\/12\/19rippi06-600x800.jpg 600w, https:\/\/www.marjahaapio.fi\/marja\/wp-content\/uploads\/2019\/12\/19rippi06-800x1067.jpg 800w, https:\/\/www.marjahaapio.fi\/marja\/wp-content\/uploads\/2019\/12\/19rippi06-1200x1600.jpg 1200w, https:\/\/www.marjahaapio.fi\/marja\/wp-content\/uploads\/2019\/12\/19rippi06.jpg 1500w\" data-sizes=\"auto\" \/><div class=\"fusion-rollover\">\n\t<div class=\"fusion-rollover-content\">\n\n\t\t\t\t\n\t\t\n\t\t\t\t\t\t\t\t\t\t\t\t<h4 class=\"fusion-rollover-title\">\n\t\t\t\t\t<a class=\"fusion-rollover-title-link\" href=\"https:\/\/www.marjahaapio.fi\/marja\/portfolio-items\/1085\/\">\n\t\t\t\t\t\tRippikuvaus\t\t\t\t\t<\/a>\n\t\t\t\t<\/h4>\n\t\t\t\n\t\t\t\t\t\t\t\t\n\t\t\n\t\t\t\t\t\t<a class=\"fusion-link-wrapper\" href=\"https:\/\/www.marjahaapio.fi\/marja\/portfolio-items\/1085\/\" aria-label=\"Rippikuvaus\"><\/a>\n\t<\/div>\n<\/div>\n<\/div>\n<div class=\"fusion-portfolio-content\" style=\"background-color:rgba(33,35,38,1);\"><h2 class=\"entry-title fusion-post-title\"><a href=\"https:\/\/www.marjahaapio.fi\/marja\/portfolio-items\/1085\/\">Rippikuvaus<\/a><\/h2><div class=\"fusion-post-content\"><\/div><\/div><\/div><\/article><article id=\"portfolio-1-post-1111\" class=\"fusion-portfolio-post lapsi fusion-col-spacing post-1111\"><div class=\"fusion-portfolio-content-wrapper\" style=\"border:1px solid #212326;border-bottom-width:3px;background-color:rgba(33,35,38,1);\"><span class=\"vcard rich-snippet-hidden\"><span class=\"fn\"><a href=\"https:\/\/www.marjahaapio.fi\/marja\/author\/admin\/\" title=\"Posts by admin\" rel=\"author\">admin<\/a><\/span><\/span><span class=\"updated rich-snippet-hidden\">2020-02-18T12:18:13+02:00<\/span><div  class=\"fusion-image-wrapper\" aria-haspopup=\"true\">\n\t\t\t\t<img decoding=\"async\" width=\"1500\" height=\"2000\" src=\"https:\/\/www.marjahaapio.fi\/marja\/wp-content\/uploads\/2019\/12\/19lapsi03.jpg\" class=\"attachment-full size-full lazyload wp-post-image\" alt=\"\" srcset=\"data:image\/svg+xml,%3Csvg%20xmlns%3D%27http%3A%2F%2Fwww.w3.org%2F2000%2Fsvg%27%20width%3D%271500%27%20height%3D%272000%27%20viewBox%3D%270%200%201500%202000%27%3E%3Crect%20width%3D%271500%27%20height%3D%272000%27%20fill-opacity%3D%220%22%2F%3E%3C%2Fsvg%3E\" data-orig-src=\"https:\/\/www.marjahaapio.fi\/marja\/wp-content\/uploads\/2019\/12\/19lapsi03.jpg\" data-srcset=\"https:\/\/www.marjahaapio.fi\/marja\/wp-content\/uploads\/2019\/12\/19lapsi03-200x267.jpg 200w, https:\/\/www.marjahaapio.fi\/marja\/wp-content\/uploads\/2019\/12\/19lapsi03-400x533.jpg 400w, https:\/\/www.marjahaapio.fi\/marja\/wp-content\/uploads\/2019\/12\/19lapsi03-600x800.jpg 600w, https:\/\/www.marjahaapio.fi\/marja\/wp-content\/uploads\/2019\/12\/19lapsi03-800x1067.jpg 800w, https:\/\/www.marjahaapio.fi\/marja\/wp-content\/uploads\/2019\/12\/19lapsi03-1200x1600.jpg 1200w, https:\/\/www.marjahaapio.fi\/marja\/wp-content\/uploads\/2019\/12\/19lapsi03.jpg 1500w\" data-sizes=\"auto\" \/><div class=\"fusion-rollover\">\n\t<div class=\"fusion-rollover-content\">\n\n\t\t\t\t\n\t\t\n\t\t\t\t\t\t\t\t\t\t\t\t<h4 class=\"fusion-rollover-title\">\n\t\t\t\t\t<a class=\"fusion-rollover-title-link\" href=\"https:\/\/www.marjahaapio.fi\/marja\/portfolio-items\/lapsikuvaus\/\">\n\t\t\t\t\t\tLapsikuvaus\t\t\t\t\t<\/a>\n\t\t\t\t<\/h4>\n\t\t\t\n\t\t\t\t\t\t\t\t\n\t\t\n\t\t\t\t\t\t<a class=\"fusion-link-wrapper\" href=\"https:\/\/www.marjahaapio.fi\/marja\/portfolio-items\/lapsikuvaus\/\" aria-label=\"Lapsikuvaus\"><\/a>\n\t<\/div>\n<\/div>\n<\/div>\n<div class=\"fusion-portfolio-content\" style=\"background-color:rgba(33,35,38,1);\"><h2 class=\"entry-title fusion-post-title\"><a href=\"https:\/\/www.marjahaapio.fi\/marja\/portfolio-items\/lapsikuvaus\/\">Lapsikuvaus<\/a><\/h2><div class=\"fusion-post-content\"><\/div><\/div><\/div><\/article><article id=\"portfolio-1-post-1148\" class=\"fusion-portfolio-post ylioppilas fusion-col-spacing post-1148\"><div class=\"fusion-portfolio-content-wrapper\" style=\"border:1px solid #212326;border-bottom-width:3px;background-color:rgba(33,35,38,1);\"><span class=\"vcard rich-snippet-hidden\"><span class=\"fn\"><a href=\"https:\/\/www.marjahaapio.fi\/marja\/author\/admin\/\" title=\"Posts by admin\" rel=\"author\">admin<\/a><\/span><\/span><span class=\"updated rich-snippet-hidden\">2020-01-31T19:34:59+02:00<\/span><div  class=\"fusion-image-wrapper\" aria-haspopup=\"true\">\n\t\t\t\t<img decoding=\"async\" width=\"1500\" height=\"2000\" src=\"https:\/\/www.marjahaapio.fi\/marja\/wp-content\/uploads\/2019\/12\/19ylioppilas18.jpg\" class=\"attachment-full size-full lazyload wp-post-image\" alt=\"\" srcset=\"data:image\/svg+xml,%3Csvg%20xmlns%3D%27http%3A%2F%2Fwww.w3.org%2F2000%2Fsvg%27%20width%3D%271500%27%20height%3D%272000%27%20viewBox%3D%270%200%201500%202000%27%3E%3Crect%20width%3D%271500%27%20height%3D%272000%27%20fill-opacity%3D%220%22%2F%3E%3C%2Fsvg%3E\" data-orig-src=\"https:\/\/www.marjahaapio.fi\/marja\/wp-content\/uploads\/2019\/12\/19ylioppilas18.jpg\" data-srcset=\"https:\/\/www.marjahaapio.fi\/marja\/wp-content\/uploads\/2019\/12\/19ylioppilas18-200x267.jpg 200w, https:\/\/www.marjahaapio.fi\/marja\/wp-content\/uploads\/2019\/12\/19ylioppilas18-400x533.jpg 400w, https:\/\/www.marjahaapio.fi\/marja\/wp-content\/uploads\/2019\/12\/19ylioppilas18-600x800.jpg 600w, https:\/\/www.marjahaapio.fi\/marja\/wp-content\/uploads\/2019\/12\/19ylioppilas18-800x1067.jpg 800w, https:\/\/www.marjahaapio.fi\/marja\/wp-content\/uploads\/2019\/12\/19ylioppilas18-1200x1600.jpg 1200w, https:\/\/www.marjahaapio.fi\/marja\/wp-content\/uploads\/2019\/12\/19ylioppilas18.jpg 1500w\" data-sizes=\"auto\" \/><div class=\"fusion-rollover\">\n\t<div class=\"fusion-rollover-content\">\n\n\t\t\t\t\n\t\t\n\t\t\t\t\t\t\t\t\t\t\t\t<h4 class=\"fusion-rollover-title\">\n\t\t\t\t\t<a class=\"fusion-rollover-title-link\" href=\"https:\/\/www.marjahaapio.fi\/marja\/portfolio-items\/valmistujaiskuvaus\/\">\n\t\t\t\t\t\tValmistujaiskuvaus\t\t\t\t\t<\/a>\n\t\t\t\t<\/h4>\n\t\t\t\n\t\t\t\t\t\t\t\t\n\t\t\n\t\t\t\t\t\t<a class=\"fusion-link-wrapper\" href=\"https:\/\/www.marjahaapio.fi\/marja\/portfolio-items\/valmistujaiskuvaus\/\" aria-label=\"Valmistujaiskuvaus\"><\/a>\n\t<\/div>\n<\/div>\n<\/div>\n<div class=\"fusion-portfolio-content\" style=\"background-color:rgba(33,35,38,1);\"><h2 class=\"entry-title fusion-post-title\"><a href=\"https:\/\/www.marjahaapio.fi\/marja\/portfolio-items\/valmistujaiskuvaus\/\">Valmistujaiskuvaus<\/a><\/h2><div class=\"fusion-post-content\"><\/div><\/div><\/div><\/article><article id=\"portfolio-1-post-1192\" class=\"fusion-portfolio-post haat fusion-col-spacing post-1192\"><div class=\"fusion-portfolio-content-wrapper\" style=\"border:1px solid #212326;border-bottom-width:3px;background-color:rgba(33,35,38,1);\"><span class=\"vcard rich-snippet-hidden\"><span class=\"fn\"><a href=\"https:\/\/www.marjahaapio.fi\/marja\/author\/admin\/\" title=\"Posts by admin\" rel=\"author\">admin<\/a><\/span><\/span><span class=\"updated rich-snippet-hidden\">2020-01-31T19:57:26+02:00<\/span><div  class=\"fusion-image-wrapper\" aria-haspopup=\"true\">\n\t\t\t\t<img decoding=\"async\" width=\"1500\" height=\"2000\" src=\"https:\/\/www.marjahaapio.fi\/marja\/wp-content\/uploads\/2019\/12\/19haa10.jpg\" class=\"attachment-full size-full lazyload wp-post-image\" alt=\"\" srcset=\"data:image\/svg+xml,%3Csvg%20xmlns%3D%27http%3A%2F%2Fwww.w3.org%2F2000%2Fsvg%27%20width%3D%271500%27%20height%3D%272000%27%20viewBox%3D%270%200%201500%202000%27%3E%3Crect%20width%3D%271500%27%20height%3D%272000%27%20fill-opacity%3D%220%22%2F%3E%3C%2Fsvg%3E\" data-orig-src=\"https:\/\/www.marjahaapio.fi\/marja\/wp-content\/uploads\/2019\/12\/19haa10.jpg\" data-srcset=\"https:\/\/www.marjahaapio.fi\/marja\/wp-content\/uploads\/2019\/12\/19haa10-200x267.jpg 200w, https:\/\/www.marjahaapio.fi\/marja\/wp-content\/uploads\/2019\/12\/19haa10-400x533.jpg 400w, https:\/\/www.marjahaapio.fi\/marja\/wp-content\/uploads\/2019\/12\/19haa10-600x800.jpg 600w, https:\/\/www.marjahaapio.fi\/marja\/wp-content\/uploads\/2019\/12\/19haa10-800x1067.jpg 800w, https:\/\/www.marjahaapio.fi\/marja\/wp-content\/uploads\/2019\/12\/19haa10-1200x1600.jpg 1200w, https:\/\/www.marjahaapio.fi\/marja\/wp-content\/uploads\/2019\/12\/19haa10.jpg 1500w\" data-sizes=\"auto\" \/><div class=\"fusion-rollover\">\n\t<div class=\"fusion-rollover-content\">\n\n\t\t\t\t\n\t\t\n\t\t\t\t\t\t\t\t\t\t\t\t<h4 class=\"fusion-rollover-title\">\n\t\t\t\t\t<a class=\"fusion-rollover-title-link\" href=\"https:\/\/www.marjahaapio.fi\/marja\/portfolio-items\/haakuvaus\/\">\n\t\t\t\t\t\tH\u00e4\u00e4kuvaus\t\t\t\t\t<\/a>\n\t\t\t\t<\/h4>\n\t\t\t\n\t\t\t\t\t\t\t\t\n\t\t\n\t\t\t\t\t\t<a class=\"fusion-link-wrapper\" href=\"https:\/\/www.marjahaapio.fi\/marja\/portfolio-items\/haakuvaus\/\" aria-label=\"H\u00e4\u00e4kuvaus\"><\/a>\n\t<\/div>\n<\/div>\n<\/div>\n<div class=\"fusion-portfolio-content\" style=\"background-color:rgba(33,35,38,1);\"><h2 class=\"entry-title fusion-post-title\"><a href=\"https:\/\/www.marjahaapio.fi\/marja\/portfolio-items\/haakuvaus\/\">H\u00e4\u00e4kuvaus<\/a><\/h2><div class=\"fusion-post-content\"><\/div><\/div><\/div><\/article><article id=\"portfolio-1-post-1383\" class=\"fusion-portfolio-post lemmikki fusion-col-spacing post-1383\"><div class=\"fusion-portfolio-content-wrapper\" style=\"border:1px solid #212326;border-bottom-width:3px;background-color:rgba(33,35,38,1);\"><span class=\"vcard rich-snippet-hidden\"><span class=\"fn\"><a href=\"https:\/\/www.marjahaapio.fi\/marja\/author\/admin\/\" title=\"Posts by admin\" rel=\"author\">admin<\/a><\/span><\/span><span class=\"updated rich-snippet-hidden\">2020-01-30T14:57:55+02:00<\/span><div  class=\"fusion-image-wrapper\" aria-haspopup=\"true\">\n\t\t\t\t<img decoding=\"async\" width=\"1500\" height=\"2000\" src=\"https:\/\/www.marjahaapio.fi\/marja\/wp-content\/uploads\/2019\/12\/19lemmikki08.jpg\" class=\"attachment-full size-full lazyload wp-post-image\" alt=\"\" srcset=\"data:image\/svg+xml,%3Csvg%20xmlns%3D%27http%3A%2F%2Fwww.w3.org%2F2000%2Fsvg%27%20width%3D%271500%27%20height%3D%272000%27%20viewBox%3D%270%200%201500%202000%27%3E%3Crect%20width%3D%271500%27%20height%3D%272000%27%20fill-opacity%3D%220%22%2F%3E%3C%2Fsvg%3E\" data-orig-src=\"https:\/\/www.marjahaapio.fi\/marja\/wp-content\/uploads\/2019\/12\/19lemmikki08.jpg\" data-srcset=\"https:\/\/www.marjahaapio.fi\/marja\/wp-content\/uploads\/2019\/12\/19lemmikki08-200x267.jpg 200w, https:\/\/www.marjahaapio.fi\/marja\/wp-content\/uploads\/2019\/12\/19lemmikki08-400x533.jpg 400w, https:\/\/www.marjahaapio.fi\/marja\/wp-content\/uploads\/2019\/12\/19lemmikki08-600x800.jpg 600w, https:\/\/www.marjahaapio.fi\/marja\/wp-content\/uploads\/2019\/12\/19lemmikki08-800x1067.jpg 800w, https:\/\/www.marjahaapio.fi\/marja\/wp-content\/uploads\/2019\/12\/19lemmikki08-1200x1600.jpg 1200w, https:\/\/www.marjahaapio.fi\/marja\/wp-content\/uploads\/2019\/12\/19lemmikki08.jpg 1500w\" data-sizes=\"auto\" \/><div class=\"fusion-rollover\">\n\t<div class=\"fusion-rollover-content\">\n\n\t\t\t\t\n\t\t\n\t\t\t\t\t\t\t\t\t\t\t\t<h4 class=\"fusion-rollover-title\">\n\t\t\t\t\t<a class=\"fusion-rollover-title-link\" href=\"https:\/\/www.marjahaapio.fi\/marja\/portfolio-items\/lemmikkikuvaus\/\">\n\t\t\t\t\t\tLemmikkikuvaus\t\t\t\t\t<\/a>\n\t\t\t\t<\/h4>\n\t\t\t\n\t\t\t\t\t\t\t\t\n\t\t\n\t\t\t\t\t\t<a class=\"fusion-link-wrapper\" href=\"https:\/\/www.marjahaapio.fi\/marja\/portfolio-items\/lemmikkikuvaus\/\" aria-label=\"Lemmikkikuvaus\"><\/a>\n\t<\/div>\n<\/div>\n<\/div>\n<div class=\"fusion-portfolio-content\" style=\"background-color:rgba(33,35,38,1);\"><h2 class=\"entry-title fusion-post-title\"><a href=\"https:\/\/www.marjahaapio.fi\/marja\/portfolio-items\/lemmikkikuvaus\/\">Lemmikkikuvaus<\/a><\/h2><div class=\"fusion-post-content\"><\/div><\/div><\/div><\/article><article id=\"portfolio-1-post-1377\" class=\"fusion-portfolio-post yritys fusion-col-spacing post-1377\"><div class=\"fusion-portfolio-content-wrapper\" style=\"border:1px solid #212326;border-bottom-width:3px;background-color:rgba(33,35,38,1);\"><span class=\"vcard rich-snippet-hidden\"><span class=\"fn\"><a href=\"https:\/\/www.marjahaapio.fi\/marja\/author\/admin\/\" title=\"Posts by admin\" rel=\"author\">admin<\/a><\/span><\/span><span class=\"updated rich-snippet-hidden\">2020-01-31T19:16:54+02:00<\/span><div  class=\"fusion-image-wrapper\" aria-haspopup=\"true\">\n\t\t\t\t<img decoding=\"async\" width=\"1500\" height=\"2000\" src=\"https:\/\/www.marjahaapio.fi\/marja\/wp-content\/uploads\/2019\/12\/19yritys-pysty.jpg\" class=\"attachment-full size-full lazyload wp-post-image\" alt=\"\" srcset=\"data:image\/svg+xml,%3Csvg%20xmlns%3D%27http%3A%2F%2Fwww.w3.org%2F2000%2Fsvg%27%20width%3D%271500%27%20height%3D%272000%27%20viewBox%3D%270%200%201500%202000%27%3E%3Crect%20width%3D%271500%27%20height%3D%272000%27%20fill-opacity%3D%220%22%2F%3E%3C%2Fsvg%3E\" data-orig-src=\"https:\/\/www.marjahaapio.fi\/marja\/wp-content\/uploads\/2019\/12\/19yritys-pysty.jpg\" data-srcset=\"https:\/\/www.marjahaapio.fi\/marja\/wp-content\/uploads\/2019\/12\/19yritys-pysty-200x267.jpg 200w, https:\/\/www.marjahaapio.fi\/marja\/wp-content\/uploads\/2019\/12\/19yritys-pysty-400x533.jpg 400w, https:\/\/www.marjahaapio.fi\/marja\/wp-content\/uploads\/2019\/12\/19yritys-pysty-600x800.jpg 600w, https:\/\/www.marjahaapio.fi\/marja\/wp-content\/uploads\/2019\/12\/19yritys-pysty-800x1067.jpg 800w, https:\/\/www.marjahaapio.fi\/marja\/wp-content\/uploads\/2019\/12\/19yritys-pysty-1200x1600.jpg 1200w, https:\/\/www.marjahaapio.fi\/marja\/wp-content\/uploads\/2019\/12\/19yritys-pysty.jpg 1500w\" data-sizes=\"auto\" \/><div class=\"fusion-rollover\">\n\t<div class=\"fusion-rollover-content\">\n\n\t\t\t\t\n\t\t\n\t\t\t\t\t\t\t\t\t\t\t\t<h4 class=\"fusion-rollover-title\">\n\t\t\t\t\t<a class=\"fusion-rollover-title-link\" href=\"https:\/\/www.marjahaapio.fi\/marja\/portfolio-items\/yrityskuvaus\/\">\n\t\t\t\t\t\tYrityskuvaus\t\t\t\t\t<\/a>\n\t\t\t\t<\/h4>\n\t\t\t\n\t\t\t\t\t\t\t\t\n\t\t\n\t\t\t\t\t\t<a class=\"fusion-link-wrapper\" href=\"https:\/\/www.marjahaapio.fi\/marja\/portfolio-items\/yrityskuvaus\/\" aria-label=\"Yrityskuvaus\"><\/a>\n\t<\/div>\n<\/div>\n<\/div>\n<div class=\"fusion-portfolio-content\" style=\"background-color:rgba(33,35,38,1);\"><h2 class=\"entry-title fusion-post-title\"><a href=\"https:\/\/www.marjahaapio.fi\/marja\/portfolio-items\/yrityskuvaus\/\">Yrityskuvaus<\/a><\/h2><div class=\"fusion-post-content\"><\/div><\/div><\/div><\/article><article id=\"portfolio-1-post-1271\" class=\"fusion-portfolio-post media fusion-col-spacing post-1271\"><div class=\"fusion-portfolio-content-wrapper\" style=\"border:1px solid #212326;border-bottom-width:3px;background-color:rgba(33,35,38,1);\"><span class=\"vcard rich-snippet-hidden\"><span class=\"fn\"><a href=\"https:\/\/www.marjahaapio.fi\/marja\/author\/admin\/\" title=\"Posts by admin\" rel=\"author\">admin<\/a><\/span><\/span><span class=\"updated rich-snippet-hidden\">2020-02-09T17:05:55+02:00<\/span><div  class=\"fusion-image-wrapper\" aria-haspopup=\"true\">\n\t\t\t\t<img decoding=\"async\" width=\"1500\" height=\"2000\" src=\"https:\/\/www.marjahaapio.fi\/marja\/wp-content\/uploads\/2020\/01\/19media-pysty.jpg\" class=\"attachment-full size-full lazyload wp-post-image\" alt=\"\" srcset=\"data:image\/svg+xml,%3Csvg%20xmlns%3D%27http%3A%2F%2Fwww.w3.org%2F2000%2Fsvg%27%20width%3D%271500%27%20height%3D%272000%27%20viewBox%3D%270%200%201500%202000%27%3E%3Crect%20width%3D%271500%27%20height%3D%272000%27%20fill-opacity%3D%220%22%2F%3E%3C%2Fsvg%3E\" data-orig-src=\"https:\/\/www.marjahaapio.fi\/marja\/wp-content\/uploads\/2020\/01\/19media-pysty.jpg\" data-srcset=\"https:\/\/www.marjahaapio.fi\/marja\/wp-content\/uploads\/2020\/01\/19media-pysty-200x267.jpg 200w, https:\/\/www.marjahaapio.fi\/marja\/wp-content\/uploads\/2020\/01\/19media-pysty-400x533.jpg 400w, https:\/\/www.marjahaapio.fi\/marja\/wp-content\/uploads\/2020\/01\/19media-pysty-600x800.jpg 600w, https:\/\/www.marjahaapio.fi\/marja\/wp-content\/uploads\/2020\/01\/19media-pysty-800x1067.jpg 800w, https:\/\/www.marjahaapio.fi\/marja\/wp-content\/uploads\/2020\/01\/19media-pysty-1200x1600.jpg 1200w, https:\/\/www.marjahaapio.fi\/marja\/wp-content\/uploads\/2020\/01\/19media-pysty.jpg 1500w\" data-sizes=\"auto\" \/><div class=\"fusion-rollover\">\n\t<div class=\"fusion-rollover-content\">\n\n\t\t\t\t\n\t\t\n\t\t\t\t\t\t\t\t\t\t\t\t<h4 class=\"fusion-rollover-title\">\n\t\t\t\t\t<a class=\"fusion-rollover-title-link\" href=\"https:\/\/www.marjahaapio.fi\/marja\/portfolio-items\/media\/\">\n\t\t\t\t\t\tMedia\t\t\t\t\t<\/a>\n\t\t\t\t<\/h4>\n\t\t\t\n\t\t\t\t\t\t\t\t\n\t\t\n\t\t\t\t\t\t<a class=\"fusion-link-wrapper\" href=\"https:\/\/www.marjahaapio.fi\/marja\/portfolio-items\/media\/\" aria-label=\"Media\"><\/a>\n\t<\/div>\n<\/div>\n<\/div>\n<div class=\"fusion-portfolio-content\" style=\"background-color:rgba(33,35,38,1);\"><h2 class=\"entry-title fusion-post-title\"><a href=\"https:\/\/www.marjahaapio.fi\/marja\/portfolio-items\/media\/\">Media<\/a><\/h2><div class=\"fusion-post-content\"><\/div><\/div><\/div><\/article><\/div><\/div><div class=\"fusion-clearfix\"><\/div><\/div><\/div><\/div><\/div><\/p>\n","protected":false},"excerpt":{"rendered":"","protected":false},"author":1,"featured_media":0,"parent":0,"menu_order":0,"comment_status":"closed","ping_status":"closed","template":"100-width.php","meta":{"footnotes":""},"class_list":["post-11","page","type-page","status-publish","hentry"],"_links":{"self":[{"href":"https:\/\/www.marjahaapio.fi\/marja\/wp-json\/wp\/v2\/pages\/11","targetHints":{"allow":["GET"]}}],"collection":[{"href":"https:\/\/www.marjahaapio.fi\/marja\/wp-json\/wp\/v2\/pages"}],"about":[{"href":"https:\/\/www.marjahaapio.fi\/marja\/wp-json\/wp\/v2\/types\/page"}],"author":[{"embeddable":true,"href":"https:\/\/www.marjahaapio.fi\/marja\/wp-json\/wp\/v2\/users\/1"}],"replies":[{"embeddable":true,"href":"https:\/\/www.marjahaapio.fi\/marja\/wp-json\/wp\/v2\/comments?post=11"}],"version-history":[{"count":85,"href":"https:\/\/www.marjahaapio.fi\/marja\/wp-json\/wp\/v2\/pages\/11\/revisions"}],"predecessor-version":[{"id":1749,"href":"https:\/\/www.marjahaapio.fi\/marja\/wp-json\/wp\/v2\/pages\/11\/revisions\/1749"}],"wp:attachment":[{"href":"https:\/\/www.marjahaapio.fi\/marja\/wp-json\/wp\/v2\/media?parent=11"}],"curies":[{"name":"wp","href":"https:\/\/api.w.org\/{rel}","templated":true}]}}